{"id":44,"date":"2024-02-08T19:28:23","date_gmt":"2024-02-08T19:28:23","guid":{"rendered":"https:\/\/s10plus.com\/?page_id=44"},"modified":"2024-02-27T07:58:17","modified_gmt":"2024-02-27T07:58:17","slug":"demo","status":"publish","type":"page","link":"https:\/\/s10plus.com\/pt\/demo\/","title":{"rendered":"Solicita una demo"},"content":{"rendered":"<p>Por favor, completa el siguiente formulario y nos pondremos en contacto contigo lo antes posible.<\/p>\n\n\n<div class=\"wpforms-container wpforms-container-full wpforms-render-modern\" id=\"wpforms-29\"><form id=\"wpforms-form-29\" class=\"wpforms-validate wpforms-form wpforms-ajax-form\" data-formid=\"29\" method=\"post\" enctype=\"multipart\/form-data\" action=\"\/pt\/wp-json\/wp\/v2\/pages\/44\" data-token=\"f05123dd2c3d478ca4514c5e7242099e\"><noscript class=\"wpforms-error-noscript\">Please enable JavaScript in your browser to complete this form.<\/noscript><div class=\"wpforms-hidden\" id=\"wpforms-error-noscript\">Please enable JavaScript in your browser to complete this form.<\/div><div class=\"wpforms-field-container\"><div id=\"wpforms-29-field_3-container\" class=\"wpforms-field wpforms-field-text\" data-field-id=\"3\"><label class=\"wpforms-field-label wpforms-label-hide\" for=\"wpforms-29-field_3\" aria-hidden=\"false\">Nombre <span class=\"wpforms-required-label\" aria-hidden=\"true\">*<\/span><\/label><input type=\"text\" id=\"wpforms-29-field_3\" class=\"wpforms-field-large wpforms-field-required\" name=\"wpforms[fields][3]\" placeholder=\"Nombre\" aria-errormessage=\"wpforms-29-field_3-error\" required><\/div><div id=\"wpforms-29-field_4-container\" class=\"wpforms-field wpforms-field-text\" data-field-id=\"4\"><label class=\"wpforms-field-label wpforms-label-hide\" for=\"wpforms-29-field_4\" aria-hidden=\"false\">Apellidos<\/label><input type=\"text\" id=\"wpforms-29-field_4\" class=\"wpforms-field-large\" name=\"wpforms[fields][4]\" placeholder=\"Apellidos\" aria-errormessage=\"wpforms-29-field_4-error\" ><\/div><div id=\"wpforms-29-field_1-container\" class=\"wpforms-field wpforms-field-email\" data-field-id=\"1\"><label class=\"wpforms-field-label wpforms-label-hide\" for=\"wpforms-29-field_1\" aria-hidden=\"false\">Email <span class=\"wpforms-required-label\" aria-hidden=\"true\">*<\/span><\/label><input type=\"email\" id=\"wpforms-29-field_1\" class=\"wpforms-field-large wpforms-field-required\" name=\"wpforms[fields][1]\" placeholder=\"Correo electr\u00f3nico\" spellcheck=\"false\" aria-errormessage=\"wpforms-29-field_1-error\" required><\/div><div id=\"wpforms-29-field_6-container\" class=\"wpforms-field wpforms-field-phone\" data-field-id=\"6\"><label class=\"wpforms-field-label wpforms-label-hide\" for=\"wpforms-29-field_6\" aria-hidden=\"false\">Tel\u00e9fono <span class=\"wpforms-required-label\" aria-hidden=\"true\">*<\/span><\/label><input type=\"tel\" id=\"wpforms-29-field_6\" class=\"wpforms-field-large wpforms-field-required wpforms-smart-phone-field\" data-rule-smart-phone-field=\"true\" name=\"wpforms[fields][6]\" placeholder=\"Tel\u00e9fono\" aria-errormessage=\"wpforms-29-field_6-error\" required><\/div><div id=\"wpforms-29-field_5-container\" class=\"wpforms-field wpforms-field-text\" data-field-id=\"5\"><label class=\"wpforms-field-label wpforms-label-hide\" for=\"wpforms-29-field_5\" aria-hidden=\"false\">Empresa<\/label><input type=\"text\" id=\"wpforms-29-field_5\" class=\"wpforms-field-large\" name=\"wpforms[fields][5]\" placeholder=\"Empresa\" aria-errormessage=\"wpforms-29-field_5-error\" ><\/div><div id=\"wpforms-29-field_10-container\" class=\"wpforms-field wpforms-field-select wpforms-field-select-style-classic\" data-field-id=\"10\"><label class=\"wpforms-field-label\" for=\"wpforms-29-field_10\">\u00bfPor favor seleccione en que soluci\u00f3n est\u00e1 interesado?<\/label><select id=\"wpforms-29-field_10\" class=\"wpforms-field-large\" name=\"wpforms[fields][10]\"><option value=\"AMAD\" >AMAD<\/option><option value=\"Chatbot\" >Chatbot<\/option><option value=\"Field Services\" >Field Services<\/option><option value=\"Healthy Business\" >Healthy Business<\/option><option value=\"Biom\u00e9tricos\" >Biom\u00e9tricos<\/option><option value=\"Consultor\u00eda\" >Consultor\u00eda<\/option><\/select><\/div><div id=\"wpforms-29-field_9-container\" class=\"wpforms-field wpforms-field-textarea\" data-field-id=\"9\"><label class=\"wpforms-field-label wpforms-label-hide\" for=\"wpforms-29-field_9\" aria-hidden=\"false\">Por favor ind\u00edcanos el motivo<\/label><textarea id=\"wpforms-29-field_9\" class=\"wpforms-field-medium\" name=\"wpforms[fields][9]\" placeholder=\"Por favor ind\u00edcanos el motivo de tu contacto\" aria-errormessage=\"wpforms-29-field_9-error\" ><\/textarea><\/div><div id=\"wpforms-29-field_8-container\" class=\"wpforms-field wpforms-field-checkbox\" data-field-id=\"8\"><fieldset><legend class=\"wpforms-field-label wpforms-label-hide\" aria-hidden=\"false\">S\u00ed, me gustar\u00eda suscribirme al bolet\u00edn de noticias.<\/legend><ul id=\"wpforms-29-field_8\"><li class=\"choice-1 depth-1 wpforms-selected\"><input type=\"checkbox\" id=\"wpforms-29-field_8_1\" name=\"wpforms[fields][8][]\" value=\"Me gustar\u00eda suscribirme al bolet\u00edn de noticias.\" aria-errormessage=\"wpforms-29-field_8_1-error\"   checked='checked'><label class=\"wpforms-field-label-inline\" for=\"wpforms-29-field_8_1\">Me gustar\u00eda suscribirme al bolet\u00edn de noticias.<\/label><\/li><\/ul><\/fieldset><\/div><\/div><!-- .wpforms-field-container --><div class=\"wpforms-recaptcha-container wpforms-is-hcaptcha\" ><div class=\"g-recaptcha\" data-sitekey=\"99e5854b-04db-4866-bb76-85518233b8f4\"><\/div><input type=\"text\" name=\"g-recaptcha-hidden\" class=\"wpforms-recaptcha-hidden\" style=\"position:absolute!important;clip:rect(0,0,0,0)!important;height:1px!important;width:1px!important;border:0!important;overflow:hidden!important;padding:0!important;margin:0!important;\" data-rule-hcaptcha=\"1\"><\/div><div class=\"wpforms-submit-container\" ><input type=\"hidden\" name=\"wpforms[id]\" value=\"29\"><input type=\"hidden\" name=\"wpforms[author]\" value=\"1\"><button type=\"submit\" name=\"wpforms[submit]\" id=\"wpforms-submit-29\" class=\"wpforms-submit\" data-alt-text=\"Enviando...\" data-submit-text=\"Enviar\" aria-live=\"assertive\" value=\"wpforms-submit\">Enviar<\/button><img loading=\"lazy\" decoding=\"async\" src=\"https:\/\/s10plus.com\/wp-content\/plugins\/wpforms\/assets\/images\/submit-spin.svg\" class=\"wpforms-submit-spinner\" style=\"display: none;\" width=\"26\" height=\"26\" alt=\"Loading\"><\/div><\/form><\/div>  <!-- .wpforms-container -->","protected":false},"excerpt":{"rendered":"<p>Por favor, completa el siguiente formulario y nos pondremos en contacto contigo lo antes posible.<\/p>\n","protected":false},"author":1,"featured_media":0,"parent":0,"menu_order":0,"comment_status":"closed","ping_status":"closed","template":"templates\/Demo.php","meta":{"footnotes":""},"class_list":["post-44","page","type-page","status-publish","hentry"],"yoast_head":"<!-- This site is optimized with the Yoast SEO plugin v27.4 - https:\/\/yoast.com\/product\/yoast-seo-wordpress\/ -->\n<title>Solicita una demo &#8226; S10 Plus<\/title>\n<meta name=\"robots\" content=\"index, follow, max-snippet:-1, max-image-preview:large, max-video-preview:-1\" \/>\n<link rel=\"canonical\" href=\"https:\/\/s10plus.com\/pt\/demo\/\" \/>\n<meta property=\"og:locale\" content=\"pt_PT\" \/>\n<meta property=\"og:type\" content=\"article\" \/>\n<meta property=\"og:title\" content=\"Solicita una demo &#8226; S10 Plus\" \/>\n<meta property=\"og:description\" content=\"Por favor, completa el siguiente formulario y nos pondremos en contacto contigo lo antes posible.\" \/>\n<meta property=\"og:url\" content=\"https:\/\/s10plus.com\/pt\/demo\/\" \/>\n<meta property=\"og:site_name\" content=\"S10 Plus\" \/>\n<meta property=\"article:modified_time\" content=\"2024-02-27T07:58:17+00:00\" \/>\n<meta name=\"twitter:card\" content=\"summary_large_image\" \/>\n<meta name=\"twitter:label1\" content=\"Tempo estimado de leitura\" \/>\n\t<meta name=\"twitter:data1\" content=\"1 minuto\" \/>\n<script type=\"application\/ld+json\" class=\"yoast-schema-graph\">{\"@context\":\"https:\\\/\\\/schema.org\",\"@graph\":[{\"@type\":\"WebPage\",\"@id\":\"https:\\\/\\\/s10plus.com\\\/pt\\\/demo\\\/\",\"url\":\"https:\\\/\\\/s10plus.com\\\/pt\\\/demo\\\/\",\"name\":\"Solicita una demo &#8226; S10 Plus\",\"isPartOf\":{\"@id\":\"https:\\\/\\\/s10plus.com\\\/pt\\\/#website\"},\"datePublished\":\"2024-02-08T19:28:23+00:00\",\"dateModified\":\"2024-02-27T07:58:17+00:00\",\"breadcrumb\":{\"@id\":\"https:\\\/\\\/s10plus.com\\\/pt\\\/demo\\\/#breadcrumb\"},\"inLanguage\":\"pt-PT\",\"potentialAction\":[{\"@type\":\"ReadAction\",\"target\":[[\"https:\\\/\\\/s10plus.com\\\/pt\\\/demo\\\/\"]]}]},{\"@type\":\"BreadcrumbList\",\"@id\":\"https:\\\/\\\/s10plus.com\\\/pt\\\/demo\\\/#breadcrumb\",\"itemListElement\":[{\"@type\":\"ListItem\",\"position\":1,\"name\":\"Home\",\"item\":\"https:\\\/\\\/s10plus.com\\\/pt\\\/\"},{\"@type\":\"ListItem\",\"position\":2,\"name\":\"Solicita una demo\"}]},{\"@type\":\"WebSite\",\"@id\":\"https:\\\/\\\/s10plus.com\\\/pt\\\/#website\",\"url\":\"https:\\\/\\\/s10plus.com\\\/pt\\\/\",\"name\":\"S10 Plus\",\"description\":\"Solu\u00e7\u00f5es de software especializadas\",\"publisher\":{\"@id\":\"https:\\\/\\\/s10plus.com\\\/pt\\\/#organization\"},\"potentialAction\":[{\"@type\":\"SearchAction\",\"target\":{\"@type\":\"EntryPoint\",\"urlTemplate\":\"https:\\\/\\\/s10plus.com\\\/pt\\\/?s={search_term_string}\"},\"query-input\":{\"@type\":\"PropertyValueSpecification\",\"valueRequired\":true,\"valueName\":\"search_term_string\"}}],\"inLanguage\":\"pt-PT\"},{\"@type\":\"Organization\",\"@id\":\"https:\\\/\\\/s10plus.com\\\/pt\\\/#organization\",\"name\":\"S10 Plus\",\"url\":\"https:\\\/\\\/s10plus.com\\\/pt\\\/\",\"logo\":{\"@type\":\"ImageObject\",\"inLanguage\":\"pt-PT\",\"@id\":\"https:\\\/\\\/s10plus.com\\\/pt\\\/#\\\/schema\\\/logo\\\/image\\\/\",\"url\":\"https:\\\/\\\/s10plus.com\\\/wp-content\\\/uploads\\\/2024\\\/02\\\/Logo-S10.png\",\"contentUrl\":\"https:\\\/\\\/s10plus.com\\\/wp-content\\\/uploads\\\/2024\\\/02\\\/Logo-S10.png\",\"width\":300,\"height\":300,\"caption\":\"S10 Plus\"},\"image\":{\"@id\":\"https:\\\/\\\/s10plus.com\\\/pt\\\/#\\\/schema\\\/logo\\\/image\\\/\"}}]}<\/script>\n<!-- \/ Yoast SEO plugin. -->","yoast_head_json":{"title":"Solicita una demo &#8226; S10 Plus","robots":{"index":"index","follow":"follow","max-snippet":"max-snippet:-1","max-image-preview":"max-image-preview:large","max-video-preview":"max-video-preview:-1"},"canonical":"https:\/\/s10plus.com\/pt\/demo\/","og_locale":"pt_PT","og_type":"article","og_title":"Solicita una demo &#8226; S10 Plus","og_description":"Por favor, completa el siguiente formulario y nos pondremos en contacto contigo lo antes posible.","og_url":"https:\/\/s10plus.com\/pt\/demo\/","og_site_name":"S10 Plus","article_modified_time":"2024-02-27T07:58:17+00:00","twitter_card":"summary_large_image","twitter_misc":{"Tempo estimado de leitura":"1 minuto"},"schema":{"@context":"https:\/\/schema.org","@graph":[{"@type":"WebPage","@id":"https:\/\/s10plus.com\/pt\/demo\/","url":"https:\/\/s10plus.com\/pt\/demo\/","name":"Solicita una demo &#8226; S10 Plus","isPartOf":{"@id":"https:\/\/s10plus.com\/pt\/#website"},"datePublished":"2024-02-08T19:28:23+00:00","dateModified":"2024-02-27T07:58:17+00:00","breadcrumb":{"@id":"https:\/\/s10plus.com\/pt\/demo\/#breadcrumb"},"inLanguage":"pt-PT","potentialAction":[{"@type":"ReadAction","target":[["https:\/\/s10plus.com\/pt\/demo\/"]]}]},{"@type":"BreadcrumbList","@id":"https:\/\/s10plus.com\/pt\/demo\/#breadcrumb","itemListElement":[{"@type":"ListItem","position":1,"name":"Home","item":"https:\/\/s10plus.com\/pt\/"},{"@type":"ListItem","position":2,"name":"Solicita una demo"}]},{"@type":"WebSite","@id":"https:\/\/s10plus.com\/pt\/#website","url":"https:\/\/s10plus.com\/pt\/","name":"S10 Plus","description":"Solu\u00e7\u00f5es de software especializadas","publisher":{"@id":"https:\/\/s10plus.com\/pt\/#organization"},"potentialAction":[{"@type":"SearchAction","target":{"@type":"EntryPoint","urlTemplate":"https:\/\/s10plus.com\/pt\/?s={search_term_string}"},"query-input":{"@type":"PropertyValueSpecification","valueRequired":true,"valueName":"search_term_string"}}],"inLanguage":"pt-PT"},{"@type":"Organization","@id":"https:\/\/s10plus.com\/pt\/#organization","name":"S10 Plus","url":"https:\/\/s10plus.com\/pt\/","logo":{"@type":"ImageObject","inLanguage":"pt-PT","@id":"https:\/\/s10plus.com\/pt\/#\/schema\/logo\/image\/","url":"https:\/\/s10plus.com\/wp-content\/uploads\/2024\/02\/Logo-S10.png","contentUrl":"https:\/\/s10plus.com\/wp-content\/uploads\/2024\/02\/Logo-S10.png","width":300,"height":300,"caption":"S10 Plus"},"image":{"@id":"https:\/\/s10plus.com\/pt\/#\/schema\/logo\/image\/"}}]}},"_links":{"self":[{"href":"https:\/\/s10plus.com\/pt\/wp-json\/wp\/v2\/pages\/44","targetHints":{"allow":["GET"]}}],"collection":[{"href":"https:\/\/s10plus.com\/pt\/wp-json\/wp\/v2\/pages"}],"about":[{"href":"https:\/\/s10plus.com\/pt\/wp-json\/wp\/v2\/types\/page"}],"author":[{"embeddable":true,"href":"https:\/\/s10plus.com\/pt\/wp-json\/wp\/v2\/users\/1"}],"replies":[{"embeddable":true,"href":"https:\/\/s10plus.com\/pt\/wp-json\/wp\/v2\/comments?post=44"}],"version-history":[{"count":1,"href":"https:\/\/s10plus.com\/pt\/wp-json\/wp\/v2\/pages\/44\/revisions"}],"predecessor-version":[{"id":71,"href":"https:\/\/s10plus.com\/pt\/wp-json\/wp\/v2\/pages\/44\/revisions\/71"}],"wp:attachment":[{"href":"https:\/\/s10plus.com\/pt\/wp-json\/wp\/v2\/media?parent=44"}],"curies":[{"name":"wp","href":"https:\/\/api.w.org\/{rel}","templated":true}]}}