{"id":42,"date":"2024-02-07T04:34:22","date_gmt":"2024-02-07T04:34:22","guid":{"rendered":"https:\/\/s10plus.com\/?page_id=42"},"modified":"2024-02-07T04:34:22","modified_gmt":"2024-02-07T04:34:22","slug":"terminos-y-condiciones","status":"publish","type":"page","link":"https:\/\/s10plus.com\/pt\/terminos-y-condiciones\/","title":{"rendered":"T\u00e9rminos y condiciones"},"content":{"rendered":"\n<p>Estos t\u00e9rminos y condiciones describen las reglas y regulaciones para el uso del sitio web de Servicios Diez Soluciones con M\u00e1s S.A. de C.V, ubicado en https:\/\/ www.s10plus.com\/.<\/p>\n\n\n\n<p><br>Al acceder a este sitio web, asumimos que aceptas estos t\u00e9rminos y condiciones. No contin\u00faes usando www.s10plus.com si no est\u00e1s de acuerdo con todos los t\u00e9rminos y condiciones establecidos en esta p\u00e1gina.<\/p>\n\n\n\n<p><br><strong>Cookies:<\/strong><br>El sitio web utiliza cookies para ayudar a personalizar tu experiencia en l\u00ednea. Al acceder a www.s10plus.com, aceptaste utilizar las cookies necesarias.<br><\/p>\n\n\n\n<p>Una cookie es un archivo de texto que un servidor de p\u00e1ginas web coloca en tu disco duro. Las cookies no se pueden utilizar para ejecutar programas o enviar virus a tu computadora. Las cookies se te asignan de forma exclusiva y solo un servidor web en el dominio que emiti\u00f3 la cookie puede leerlas.<br>Podemos utilizar cookies para recopilar, almacenar y rastrear informaci\u00f3n con fines estad\u00edsticos o de marketing para operar nuestro sitio web. Tienes la capacidad de aceptar o rechazar cookies opcionales. Hay algunas cookies obligatorias que son necesarias para el funcionamiento de nuestro sitio web. Estas cookies no requieren tu consentimiento ya que siempre funcionan. Ten en cuenta que al aceptar las cookies requeridas, tambi\u00e9n aceptas las cookies de terceros, que podr\u00edan usarse a trav\u00e9s de servicios proporcionados por terceros si utilizas dichos servicios en nuestro sitio web, por ejemplo, una ventana de visualizaci\u00f3n de video proporcionada por terceros e integrada en nuestro sitio web.<br><\/p>\n\n\n\n<p><strong>Licencia:<\/strong><br>A menos que se indique lo contrario, www.s10plus.com y\/o sus licenciantes poseen los derechos de propiedad intelectual de todo el material en www.s10plus.com. Todos los derechos de propiedad intelectual son reservados. Puedes acceder desde www.s10plus.com para tu uso personal sujeto a las restricciones establecidas en estos t\u00e9rminos y condiciones.<br><\/p>\n\n\n\n<p>No debes:<br>\u2022 Copiar o volver a publicar material de Servicios Diez Soluciones con M\u00e1s S.A. de C.V.,<br>\u2022 Vender, alquilar o sublicenciar material de Servicios Diez Soluciones con M\u00e1s S.A. de C.V.,<br>\u2022 Reproducir, duplicar o copiar material de Servicios Diez Soluciones con M\u00e1s S.A. de C.V.,<br>\u2022 Redistribuir contenido de Servicios Diez Soluciones con M\u00e1s S.A. de C.V.,<br><\/p>\n\n\n\n<p><strong>Este acuerdo comenzar\u00e1 la fecha presente.<\/strong><br>Partes de este sitio web ofrecen a los usuarios la oportunidad de publicar e intercambiar opiniones e informaci\u00f3n en determinadas \u00e1reas. Servicios Diez Soluciones con M\u00e1s S.A. de C.V., no filtra, edita, publica ni revisa los comentarios antes de su presencia en el sitio web. Los comentarios no reflejan los puntos de vista ni las opiniones de Servicios Diez Soluciones con M\u00e1s S.A. de C.V.,, sus agentes y\/o afiliados. Los comentarios reflejan los puntos de vista y opiniones de la persona que publica. En la medida en que lo permitan las leyes aplicables, Servicios Diez Soluciones con M\u00e1s S.A. de C.V., no ser\u00e1 responsable de los comentarios ni de ninguna responsabilidad, da\u00f1os o gastos causados o sufridos como resultado de cualquier uso o publicaci\u00f3n o apariencia de comentarios en este sitio web.<br>Servicios Diez Soluciones con M\u00e1s S.A. de C.V., se reserva el derecho de monitorear todos los comentarios y eliminar los que puedan considerarse inapropiados, ofensivos o que incumplan estos T\u00e9rminos y Condiciones.<br><\/p>\n\n\n\n<p><strong>Garantizas y declaras que:<\/strong><br>\u2022 Tienes derecho a publicar comentarios en nuestro sitio web y tienes todas las licencias y consentimientos necesarios para hacerlo;<br>\u2022 Los comentarios no invaden ning\u00fan derecho de propiedad intelectual, incluidos, entre otros, los derechos de autor, patentes o marcas comerciales de terceros;<br>\u2022 Los comentarios no contienen ning\u00fan material difamatorio, calumnioso, ofensivo, indecente o ilegal de otro modo, que sea una invasi\u00f3n de la privacidad.<br>\u2022 Los comentarios no se utilizar\u00e1n para solicitar o promover negocios o actividades comerciales personalizadas o presentes o actividades ilegales.<br>Por la presente, otorgas a Servicios Diez Soluciones con M\u00e1s S.A. de C.V., una licencia no exclusiva para usar, reproducir, editar y autorizar a otros a usar, reproducir y editar cualquiera de tus comentarios en todas y cada una de las formas, formatos, o medios.<br><\/p>\n\n\n\n<p><strong>Hiperv\u00ednculos a nuestro contenido:<\/strong><br>Las siguientes organizaciones pueden vincularse a nuestro sitio web sin aprobaci\u00f3n previa por escrito:<br>\u2022 Agencias gubernamentales;<br>\u2022 Motores de b\u00fasqueda;<br>\u2022 Organizaciones de noticias;<br>\u2022 Los distribuidores de directorios en l\u00ednea pueden vincularse a nuestro sitio web de la misma manera que hacen hiperv\u00ednculos a los sitios web de otras empresas que figuran en la lista; y<br>\u2022 Empresas acreditadas en todo el sistema, excepto que soliciten organizaciones sin fines de lucro, centros comerciales de caridad y grupos de recaudaci\u00f3n de fondos de caridad que no pueden hacer hiperv\u00ednculos a nuestro sitio web.<\/p>\n\n\n\n<p><br>Estas organizaciones pueden enlazar a nuestra p\u00e1gina de inicio, a publicaciones o a otra informaci\u00f3n del sitio siempre que el enlace: (a) no sea enga\u00f1oso de ninguna manera; (b) no implique falsamente patrocinio, respaldo o aprobaci\u00f3n de la parte vinculante y sus productos y\/o servicios; y (c) encaja en el contexto del sitio de la parte vinculante.<\/p>\n\n\n\n<p><br>Podemos considerar y aprobar otras solicitudes de enlaces de los siguientes tipos de organizaciones:<br>\u2022 fuentes de informaci\u00f3n de consumidores y\/o empresas com\u00fanmente conocidas;<br>\u2022 sitios de la comunidad .com;<br>\u2022 asociaciones u otros grupos que representan organizaciones ben\u00e9ficas;<br>\u2022 distribuidores de directorios en l\u00ednea;<br>\u2022 portales de Internet;<br>\u2022 firmas de contabilidad, derecho y consultor\u00eda; y<br>\u2022 instituciones educativas y asociaciones comerciales.<br><\/p>\n\n\n\n<p>Aprobaremos las solicitudes de enlace de estas organizaciones si: (a) el enlace no nos har\u00eda vernos desfavorablemente a nosotros mismos ni a nuestras empresas acreditadas; (b) la organizaci\u00f3n no tiene registros negativos con nosotros; (c) el beneficio para nosotros de la visibilidad del hiperv\u00ednculo compensa la ausencia de Servicios Diez Soluciones con M\u00e1s S.A. de C.V.; y (d) el enlace est\u00e1 en el contexto de informaci\u00f3n general de recursos.<\/p>\n\n\n\n<p><br>Estas organizaciones pueden enlazar a nuestra p\u00e1gina de inicio siempre que el enlace: (a) no sea enga\u00f1oso de ninguna manera; (b) no implique falsamente patrocinio, respaldo o aprobaci\u00f3n de la parte vinculante y sus productos o servicios; y (c) encaja en el contexto del sitio de la parte vinculante.<br>Si eres una de las organizaciones enumeradas en el p\u00e1rrafo 2 y est\u00e1s interesada en vincularte a nuestro sitio web, debes informarnos enviando un correo electr\u00f3nico a contacto@s10plus.com. Incluye tu nombre, el nombre de tu organizaci\u00f3n, la informaci\u00f3n de contacto, as\u00ed como la URL de tu sitio, una lista de las URL desde las que tienes la intenci\u00f3n de vincular a nuestro sitio web y una lista de las URL de nuestro sitio a las que te gustar\u00eda acceder. Espera 2-3 semanas para recibir una respuesta.<\/p>\n\n\n\n<p><br>Las organizaciones aprobadas pueden hacer hiperv\u00ednculos a nuestro sitio web de la siguiente manera:<br>\u2022 Mediante el uso de nuestro nombre corporativo; o<br>\u2022 Mediante el uso del localizador uniforme de recursos al que se est\u00e1 vinculando; o<br>\u2022 Usar cualquier otra descripci\u00f3n de nuestro sitio web al que est\u00e1 vinculado que tenga sentido dentro del contexto y formato del contenido en el sitio de la parte vinculante.<br><\/p>\n\n\n\n<p>No se permitir\u00e1 el uso del logotipo de S10Plusl u otro material gr\u00e1fico para vincular sin un acuerdo de licencia de marca comercial.<\/p>\n\n\n\n<p><br><strong>Responsabilidad del contenido:<\/strong><br>No seremos responsables de ning\u00fan contenido que aparezca en tu sitio web. Aceptas protegernos y defendernos contra todas las reclamaciones que se presenten en tu sitio web. Ning\u00fan enlace(s) debe aparecer en ning\u00fan sitio web que pueda interpretarse como difamatorio, obsceno o criminal, o que infrinja, de otra manera viole o defienda la infracci\u00f3n u otra violaci\u00f3n de los derechos de terceros.<br><\/p>\n\n\n\n<p><strong>Reserva de derechos:<\/strong><br>Nos reservamos el derecho de solicitar que elimines todos los enlaces o cualquier enlace en particular a nuestro sitio web. Apruebas eliminar de inmediato todos los enlaces a nuestro sitio web cuando se solicite. Tambi\u00e9n nos reservamos el derecho de modificar estos t\u00e9rminos y condiciones y su pol\u00edtica de enlaces en cualquier momento. Al vincular continuamente a nuestro sitio web, aceptas estar vinculado y seguir estos t\u00e9rminos y condiciones de vinculaci\u00f3n.<\/p>\n\n\n\n<p><br><strong>Eliminaci\u00f3n de enlaces de nuestro sitio web:<\/strong><br>Si encuentras alg\u00fan enlace en nuestro sitio que sea ofensivo por cualquier motivo, puedes contactarnos e informarnos en cualquier momento. Consideraremos las solicitudes para eliminar enlaces, pero no estamos obligados a hacerlo ni a responder directamente.<\/p>\n\n\n\n<p><br>No nos aseguramos de que la informaci\u00f3n de este sitio web sea correcta. No garantizamos su integridad o precisi\u00f3n, ni prometemos asegurarnos de que el sitio web permanezca disponible o que el material en el sitio se mantenga actualizado.<\/p>\n\n\n\n<p><br><strong>Exenci\u00f3n de responsabilidad:<\/strong><br>En la medida m\u00e1xima permitida por la ley aplicable, excluimos todas las representaciones, garant\u00edas y condiciones relacionadas con nuestro sitio web y el uso de este. Nada en este descargo de responsabilidad:<\/p>\n\n\n\n<p><br>\u2022 limitar\u00e1 o excluir\u00e1 nuestra responsabilidad o la tuya por muerte o lesiones personales;<br>\u2022 limitar\u00e1 o excluir\u00e1 nuestra responsabilidad o la tuya por fraude o tergiversaci\u00f3n fraudulenta;<br>\u2022 limitar\u00e1 cualquiera de nuestras responsabilidades o las tuyas de cualquier manera que no est\u00e9 permitida por la ley aplicable; o<br>\u2022 excluir\u00e1 cualquiera de nuestras responsabilidades o las tuyas que no puedan estar excluidas seg\u00fan la ley aplicable.<\/p>\n\n\n\n<p><br>Las limitaciones y prohibiciones de responsabilidad establecidas en esta secci\u00f3n y en otras partes de este descargo de responsabilidad: (a) est\u00e1n sujetas al p\u00e1rrafo anterior; y (b) regir\u00e1 todas las responsabilidades que surjan en virtud de la exenci\u00f3n de responsabilidad, incluidas las responsabilidades que surjan en el contrato, en agravio y por incumplimiento de la obligaci\u00f3n legal.<br>Siempre que el sitio web y la informaci\u00f3n y los servicios en el sitio se proporcionen de forma gratuita, no seremos responsables de ninguna p\u00e9rdida o da\u00f1o de cualquier naturaleza.<\/p>\n","protected":false},"excerpt":{"rendered":"<p>Estos t\u00e9rminos y condiciones describen las reglas y regulaciones para el uso del sitio web de Servicios Diez Soluciones con M\u00e1s S.A. de C.V, ubicado en https:\/\/ www.s10plus.com\/. Al acceder a este sitio web, asumimos que aceptas estos t\u00e9rminos y condiciones. No contin\u00faes usando www.s10plus.com si no est\u00e1s de acuerdo con todos los t\u00e9rminos y [&hellip;]<\/p>\n","protected":false},"author":1,"featured_media":0,"parent":0,"menu_order":0,"comment_status":"closed","ping_status":"closed","template":"","meta":{"footnotes":""},"class_list":["post-42","page","type-page","status-publish","hentry"],"yoast_head":"<!-- This site is optimized with the Yoast SEO plugin v27.4 - https:\/\/yoast.com\/product\/yoast-seo-wordpress\/ -->\n<title>T\u00e9rminos y condiciones &#8226; S10 Plus<\/title>\n<meta name=\"robots\" content=\"index, follow, max-snippet:-1, max-image-preview:large, max-video-preview:-1\" \/>\n<link rel=\"canonical\" href=\"https:\/\/s10plus.com\/pt\/terminos-y-condiciones\/\" \/>\n<meta property=\"og:locale\" content=\"pt_PT\" \/>\n<meta property=\"og:type\" content=\"article\" \/>\n<meta property=\"og:title\" content=\"T\u00e9rminos y condiciones &#8226; S10 Plus\" \/>\n<meta property=\"og:description\" content=\"Estos t\u00e9rminos y condiciones describen las reglas y regulaciones para el uso del sitio web de Servicios Diez Soluciones con M\u00e1s S.A. de C.V, ubicado en https:\/\/ www.s10plus.com\/. Al acceder a este sitio web, asumimos que aceptas estos t\u00e9rminos y condiciones. No contin\u00faes usando www.s10plus.com si no est\u00e1s de acuerdo con todos los t\u00e9rminos y [&hellip;]\" \/>\n<meta property=\"og:url\" content=\"https:\/\/s10plus.com\/pt\/terminos-y-condiciones\/\" \/>\n<meta property=\"og:site_name\" content=\"S10 Plus\" \/>\n<meta name=\"twitter:card\" content=\"summary_large_image\" \/>\n<meta name=\"twitter:label1\" content=\"Tempo estimado de leitura\" \/>\n\t<meta name=\"twitter:data1\" content=\"8 minutos\" \/>\n<script type=\"application\/ld+json\" class=\"yoast-schema-graph\">{\"@context\":\"https:\\\/\\\/schema.org\",\"@graph\":[{\"@type\":\"WebPage\",\"@id\":\"https:\\\/\\\/s10plus.com\\\/pt\\\/terminos-y-condiciones\\\/\",\"url\":\"https:\\\/\\\/s10plus.com\\\/pt\\\/terminos-y-condiciones\\\/\",\"name\":\"T\u00e9rminos y condiciones &#8226; S10 Plus\",\"isPartOf\":{\"@id\":\"https:\\\/\\\/s10plus.com\\\/pt\\\/#website\"},\"datePublished\":\"2024-02-07T04:34:22+00:00\",\"breadcrumb\":{\"@id\":\"https:\\\/\\\/s10plus.com\\\/pt\\\/terminos-y-condiciones\\\/#breadcrumb\"},\"inLanguage\":\"pt-PT\",\"potentialAction\":[{\"@type\":\"ReadAction\",\"target\":[[\"https:\\\/\\\/s10plus.com\\\/pt\\\/terminos-y-condiciones\\\/\"]]}]},{\"@type\":\"BreadcrumbList\",\"@id\":\"https:\\\/\\\/s10plus.com\\\/pt\\\/terminos-y-condiciones\\\/#breadcrumb\",\"itemListElement\":[{\"@type\":\"ListItem\",\"position\":1,\"name\":\"Home\",\"item\":\"https:\\\/\\\/s10plus.com\\\/pt\\\/\"},{\"@type\":\"ListItem\",\"position\":2,\"name\":\"T\u00e9rminos y condiciones\"}]},{\"@type\":\"WebSite\",\"@id\":\"https:\\\/\\\/s10plus.com\\\/pt\\\/#website\",\"url\":\"https:\\\/\\\/s10plus.com\\\/pt\\\/\",\"name\":\"S10 Plus\",\"description\":\"Solu\u00e7\u00f5es de software especializadas\",\"publisher\":{\"@id\":\"https:\\\/\\\/s10plus.com\\\/pt\\\/#organization\"},\"potentialAction\":[{\"@type\":\"SearchAction\",\"target\":{\"@type\":\"EntryPoint\",\"urlTemplate\":\"https:\\\/\\\/s10plus.com\\\/pt\\\/?s={search_term_string}\"},\"query-input\":{\"@type\":\"PropertyValueSpecification\",\"valueRequired\":true,\"valueName\":\"search_term_string\"}}],\"inLanguage\":\"pt-PT\"},{\"@type\":\"Organization\",\"@id\":\"https:\\\/\\\/s10plus.com\\\/pt\\\/#organization\",\"name\":\"S10 Plus\",\"url\":\"https:\\\/\\\/s10plus.com\\\/pt\\\/\",\"logo\":{\"@type\":\"ImageObject\",\"inLanguage\":\"pt-PT\",\"@id\":\"https:\\\/\\\/s10plus.com\\\/pt\\\/#\\\/schema\\\/logo\\\/image\\\/\",\"url\":\"https:\\\/\\\/s10plus.com\\\/wp-content\\\/uploads\\\/2024\\\/02\\\/Logo-S10.png\",\"contentUrl\":\"https:\\\/\\\/s10plus.com\\\/wp-content\\\/uploads\\\/2024\\\/02\\\/Logo-S10.png\",\"width\":300,\"height\":300,\"caption\":\"S10 Plus\"},\"image\":{\"@id\":\"https:\\\/\\\/s10plus.com\\\/pt\\\/#\\\/schema\\\/logo\\\/image\\\/\"}}]}<\/script>\n<!-- \/ Yoast SEO plugin. -->","yoast_head_json":{"title":"T\u00e9rminos y condiciones &#8226; S10 Plus","robots":{"index":"index","follow":"follow","max-snippet":"max-snippet:-1","max-image-preview":"max-image-preview:large","max-video-preview":"max-video-preview:-1"},"canonical":"https:\/\/s10plus.com\/pt\/terminos-y-condiciones\/","og_locale":"pt_PT","og_type":"article","og_title":"T\u00e9rminos y condiciones &#8226; S10 Plus","og_description":"Estos t\u00e9rminos y condiciones describen las reglas y regulaciones para el uso del sitio web de Servicios Diez Soluciones con M\u00e1s S.A. de C.V, ubicado en https:\/\/ www.s10plus.com\/. Al acceder a este sitio web, asumimos que aceptas estos t\u00e9rminos y condiciones. No contin\u00faes usando www.s10plus.com si no est\u00e1s de acuerdo con todos los t\u00e9rminos y [&hellip;]","og_url":"https:\/\/s10plus.com\/pt\/terminos-y-condiciones\/","og_site_name":"S10 Plus","twitter_card":"summary_large_image","twitter_misc":{"Tempo estimado de leitura":"8 minutos"},"schema":{"@context":"https:\/\/schema.org","@graph":[{"@type":"WebPage","@id":"https:\/\/s10plus.com\/pt\/terminos-y-condiciones\/","url":"https:\/\/s10plus.com\/pt\/terminos-y-condiciones\/","name":"T\u00e9rminos y condiciones &#8226; S10 Plus","isPartOf":{"@id":"https:\/\/s10plus.com\/pt\/#website"},"datePublished":"2024-02-07T04:34:22+00:00","breadcrumb":{"@id":"https:\/\/s10plus.com\/pt\/terminos-y-condiciones\/#breadcrumb"},"inLanguage":"pt-PT","potentialAction":[{"@type":"ReadAction","target":[["https:\/\/s10plus.com\/pt\/terminos-y-condiciones\/"]]}]},{"@type":"BreadcrumbList","@id":"https:\/\/s10plus.com\/pt\/terminos-y-condiciones\/#breadcrumb","itemListElement":[{"@type":"ListItem","position":1,"name":"Home","item":"https:\/\/s10plus.com\/pt\/"},{"@type":"ListItem","position":2,"name":"T\u00e9rminos y condiciones"}]},{"@type":"WebSite","@id":"https:\/\/s10plus.com\/pt\/#website","url":"https:\/\/s10plus.com\/pt\/","name":"S10 Plus","description":"Solu\u00e7\u00f5es de software especializadas","publisher":{"@id":"https:\/\/s10plus.com\/pt\/#organization"},"potentialAction":[{"@type":"SearchAction","target":{"@type":"EntryPoint","urlTemplate":"https:\/\/s10plus.com\/pt\/?s={search_term_string}"},"query-input":{"@type":"PropertyValueSpecification","valueRequired":true,"valueName":"search_term_string"}}],"inLanguage":"pt-PT"},{"@type":"Organization","@id":"https:\/\/s10plus.com\/pt\/#organization","name":"S10 Plus","url":"https:\/\/s10plus.com\/pt\/","logo":{"@type":"ImageObject","inLanguage":"pt-PT","@id":"https:\/\/s10plus.com\/pt\/#\/schema\/logo\/image\/","url":"https:\/\/s10plus.com\/wp-content\/uploads\/2024\/02\/Logo-S10.png","contentUrl":"https:\/\/s10plus.com\/wp-content\/uploads\/2024\/02\/Logo-S10.png","width":300,"height":300,"caption":"S10 Plus"},"image":{"@id":"https:\/\/s10plus.com\/pt\/#\/schema\/logo\/image\/"}}]}},"_links":{"self":[{"href":"https:\/\/s10plus.com\/pt\/wp-json\/wp\/v2\/pages\/42","targetHints":{"allow":["GET"]}}],"collection":[{"href":"https:\/\/s10plus.com\/pt\/wp-json\/wp\/v2\/pages"}],"about":[{"href":"https:\/\/s10plus.com\/pt\/wp-json\/wp\/v2\/types\/page"}],"author":[{"embeddable":true,"href":"https:\/\/s10plus.com\/pt\/wp-json\/wp\/v2\/users\/1"}],"replies":[{"embeddable":true,"href":"https:\/\/s10plus.com\/pt\/wp-json\/wp\/v2\/comments?post=42"}],"version-history":[{"count":0,"href":"https:\/\/s10plus.com\/pt\/wp-json\/wp\/v2\/pages\/42\/revisions"}],"wp:attachment":[{"href":"https:\/\/s10plus.com\/pt\/wp-json\/wp\/v2\/media?parent=42"}],"curies":[{"name":"wp","href":"https:\/\/api.w.org\/{rel}","templated":true}]}}