{"id":86,"date":"2024-04-19T18:44:25","date_gmt":"2024-04-19T18:44:25","guid":{"rendered":"https:\/\/s10plus.com\/?page_id=86"},"modified":"2024-04-22T17:46:03","modified_gmt":"2024-04-22T17:46:03","slug":"app-amad-becas-benito-juarez","status":"publish","type":"page","link":"https:\/\/s10plus.com\/en\/politica-de-privacidad\/app-amad-becas-benito-juarez\/","title":{"rendered":"T\u00c9RMINOS Y CONDICIONES DE USO DE LA APP AMAD-Becas Benito Ju\u00e1rez"},"content":{"rendered":"<p>La aplicaci\u00f3n denominada Auto Atendimiento M\u00f3vil Avanzado Digital (AMAD) ha sido dise\u00f1ada y administrada por la Servicios Diez Soluciones con M\u00e1s S.A. de C.V. sito en la Ciudad de M\u00e9xico. As\u00ed mismo, los <strong>m\u00f3dulos <\/strong>que integran est\u00e1 aplicaci\u00f3n han sido dise\u00f1ados para integrar informaci\u00f3n de utilidad que pueda ser consultada desde un dispositivo m\u00f3vil y, adaptable a las necesidades de los clientes de Servicios Diez Soluciones con M\u00e1s S.A. de C.V., como lo es el caso de <strong>AMAD-Becas Benito Ju\u00e1rez<\/strong> cuya informaci\u00f3n concierne a los servicios que brinda la Coordinaci\u00f3n Nacional de Becas para el Bienestar Benito Ju\u00e1rez, \u00f3rgano desconcentrado de la Secretar\u00eda de Educaci\u00f3n P\u00fablica, relativos a los Programas Becas para el Bienestar Benito Ju\u00e1rez (Becas de Educaci\u00f3n B\u00e1sica para el Bienestar Benito Ju\u00e1rez, Beca Universal para Estudiantes de Educaci\u00f3n Media Superior Benito Ju\u00e1rez y, Beca para el Bienestar Benito Ju\u00e1rez de Educaci\u00f3n Superior &#8211; J\u00f3venes Escribiendo el Futuro).<\/p>\n\n\n\n<p>As\u00ed mismo, los usuarios de <strong>\u201cAPP AMAD-Becas Benito Ju\u00e1rez\u201d<\/strong> podr\u00e1n consultar y solicitar informaci\u00f3n diversa de tales programas, realizar tr\u00e1mites diversos, solicitar atenci\u00f3n personalizada v\u00eda telef\u00f3nica e interconectarse a los sistemas provistos por la Coordinaci\u00f3n Nacional de Becas para el Bienestar Benito Ju\u00e1rez para la poblaci\u00f3n beneficiaria de sus programas y ciudadan\u00eda en general, es decir sus usuarios finales.<\/p>\n\n\n\n<p>Cualquier persona que desee hacer uso de los servicios que ofrece esta aplicaci\u00f3n m\u00f3vil, podr\u00e1 hacerlo sujet\u00e1ndose a los presentes <strong>\u201cT\u00e9rminos y Condiciones de Uso\u201d <\/strong>as\u00ed como a las pol\u00edticas y principios que se describen en el presente documento.<\/p>\n\n\n\n<h1 class=\"wp-block-heading\">I.&nbsp;&nbsp;&nbsp; OBJETO<\/h1>\n\n\n\n<p>Este documento describe los t\u00e9rminos y condiciones generales de uso de la aplicaci\u00f3n m\u00f3vil en adelante <strong>&#8220;APP AMAD-Becas Benito Ju\u00e1rez&#8221;<\/strong>, misma que es para dispositivos m\u00f3viles y la cul integra en una sola aplicaci\u00f3n el acceso a los distintos m\u00f3dulos por los que est\u00e1 integrada; a trav\u00e9s estos, la Coordinaci\u00f3n Nacional de Becas para el Bienestar Benito Ju\u00e1rez pondr\u00e1 a disposici\u00f3n tr\u00e1mites y servicios a la poblaci\u00f3n beneficiaria y ciudadan\u00eda en general.<\/p>\n\n\n\n<h1 class=\"wp-block-heading\">II.&nbsp;&nbsp;&nbsp; ACEPTACI\u00d3N DE LOS T\u00c9RMINOS<\/h1>\n\n\n\n<p>El ingreso y utilizaci\u00f3n de la aplicaci\u00f3n <strong>&#8220;APP AMAD-Becas Benito Ju\u00e1rez&#8221; <\/strong>implica que usted ha le\u00eddo, entendido y aceptado los presentes <strong>\u201cT\u00e9rminos y Condiciones de Uso\u201d.<\/strong><\/p>\n\n\n\n<p>Y esta aplicaci\u00f3n requerir\u00e1 la autorizaci\u00f3n expresa de los usuarios para acceder a las funciones como Calendario, C\u00e1mara, Tel\u00e9fono, SMS y GPS para brindar atenci\u00f3n y seguimiento a los tr\u00e1mites y servicios solicitados en alguno de los m\u00f3dulos de la aplicaci\u00f3n.<\/p>\n\n\n\n<h1 class=\"wp-block-heading\">III.&nbsp;&nbsp;&nbsp; RESPONSABILIDAD SOBRE EL USO DE LA APLICACI\u00d3N &#8220;APP AMAD-Becas Benito Ju\u00e1rez &#8220;<\/h1>\n\n\n\n<p>Usted asume la responsabilidad de todas las acciones que ejecute, en la utilizaci\u00f3n y consulta de la <strong>&#8220;APP AMAD-Becas Benito Ju\u00e1rez&#8221;<\/strong>, mismas que se considera que usted realiza voluntariamente. Usted no utilizar\u00e1, ni permitir\u00e1 que otros usuarios utilicen esta aplicaci\u00f3n m\u00f3vil o cualquier servicio prestado a trav\u00e9s de ella, de forma contraria a lo establecido en estos <strong>\u201cT\u00e9rminos y Condiciones de Uso\u201d<\/strong>, as\u00ed como a las disposiciones legales aplicables a los servicios que ofrece la aplicaci\u00f3n <strong>&#8220;APP AMAD-Becas Benito Ju\u00e1rez&#8221;<\/strong>. Es responsabilidad de usted todo acto que se realice en esta aplicaci\u00f3n m\u00f3vil, por medio de su \u201cN\u00famero telef\u00f3nico celular\u201d y \u201cUbicaci\u00f3n georreferenciada\u201d; asimismo, usted se responsabiliza del cuidado y custodia de estos, para que esta aplicaci\u00f3n m\u00f3vil \u00fanicamente sea utilizada para los fines para los cuales ha sido dise\u00f1ada, por lo que cualquier mal uso que se realice en su nombre, se presumir\u00e1 realizada por usted.<\/p>\n\n\n\n<p>Usted reconoce y acepta que Servicios Diez Soluciones con M\u00e1s S.A. de C.V. queda liberado de toda responsabilidad por el mal uso que llegara a realizarse en alguno de los <strong>m\u00f3dulos <\/strong>de la <strong>&#8220;APP AMAD-Becas Benito Ju\u00e1rez&#8221;<\/strong>.<\/p>\n\n\n\n<p>Como todo desarrollo tecnol\u00f3gico, la <strong>&#8220;APP AMAD-Becas Benito Ju\u00e1rez&#8221; <\/strong>es falible y estar\u00e1 en proceso permanente de mejora; por lo que existe la posibilidad, aunque remota, de que ocurran fallas t\u00e9cnicas durante su uso; por lo que el Servicios Diez Soluciones con M\u00e1s S.A. de C.V. no garantiza que la aplicaci\u00f3n m\u00f3vil est\u00e9 libre de errores; por tal motivo, usted deslinda de toda la responsabilidad al Servicios Diez Soluciones con M\u00e1s S.A. de C.V., respondiendo de todos los da\u00f1os y perjuicios derivados de las circunstancias expuestas en este p\u00e1rrafo.<\/p>\n\n\n\n<p>Servicios Diez Soluciones con M\u00e1s S.A. de C.V. no asumir\u00e1 ninguna responsabilidad por los inconvenientes que usted pudiera experimentar con el equipo de c\u00f3mputo y accesorios \u2014hardware y software\u2014 utilizados para conectarse a esta aplicaci\u00f3n m\u00f3vil; de igual manera, tampoco asumir\u00e1 responsabilidad alguna por procedimientos que hayan quedado inconclusos, por razones ajenas a sus funciones.<\/p>\n\n\n\n<p>En ning\u00fan caso Servicios Diez Soluciones con M\u00e1s S.A. de C.V. ser\u00e1 responsable por las consecuencias del uso indebido o fraudulento de la <strong>&#8220;APP AMAD-Becas Benito Ju\u00e1rez &#8220;<\/strong>, cualquiera que sea la causa del eventual da\u00f1o.<\/p>\n\n\n\n<h1 class=\"wp-block-heading\">IV.&nbsp;&nbsp;&nbsp;&nbsp; CAMBIOS Y ACTUALIZACIONES DEL SERVICIO<\/h1>\n\n\n\n<p>Servicios Diez Soluciones con M\u00e1s S.A. de C.V. tiene pleno derecho de realizar modificaciones en los contenidos que se ofrecen, ya sean temporales o permanentes, en cualquier momento; por lo tanto, no es posible garantizar la disponibilidad ni la continuidad del funcionamiento de la &#8220;<strong>APP AMAD-Becas Benito Ju\u00e1rez<\/strong>&#8221; en todo momento o durante el tiempo de actualizaci\u00f3n. Servicios Diez Soluciones con M\u00e1s S.A. de C.V. no asume responsabilidad alguna por cualquier falla que pudiera presentarse con el uso de esta aplicaci\u00f3n, ya sean por cambios y actualizaciones, o por cualquiera otra causa.<\/p>\n\n\n\n<p>Servicios Diez Soluciones con M\u00e1s S.A. de C.V. se reserva el derecho de modificar, restringir o suprimir todos o cualquiera de los atributos de los <strong>m\u00f3dulos <\/strong>de la <strong>&#8220;APP AMAD-Becas Benito Ju\u00e1rez\u201d<\/strong>, previo acuerdo y autorizaci\u00f3n de la Coordinaci\u00f3n Nacional de Becas para el Bienestar Benito Ju\u00e1rez, en forma temporal o definitiva, sin que estas medidas puedan ser objeto de requerimiento alguno, ni de derecho a reclamar da\u00f1os y perjuicios por parte de usted.<\/p>\n\n\n\n<h1 class=\"wp-block-heading\">V.&nbsp;&nbsp;&nbsp; POL\u00cdTICAS DE PRIVACIDAD Y PROTECCI\u00d3N DE DATOS PERSONALES<\/h1>\n\n\n\n<p>El tratamiento de sus datos personales se limitar\u00e1 al cumplimiento de la finalidad establecida en el aviso de privacidad de la aplicaci\u00f3n y se realizar\u00e1 de conformidad con lo establecido en la Ley Federal de Protecci\u00f3n de Datos Personales en Posesi\u00f3n de los Particulares y en lo aplicable a los Lineamientos Generales de Protecci\u00f3n de Datos Personales para el Sector P\u00fablico.<\/p>\n\n\n\n<p>Los datos requeridos en la aplicaci\u00f3n para el registro de usuarios de la aplicaci\u00f3n son: Tel\u00e9fono celular y ubicaci\u00f3n geogr\u00e1fica por entidad federativa, los cuales ser\u00e1n necesarios para consultar la informaci\u00f3n de utilidad para los beneficiarios de los programas Becas para el Bienestar Benito Ju\u00e1rez y la ciudadan\u00eda en general, integrada en los distintos m\u00f3dulos de la aplicaci\u00f3n.<\/p>\n\n\n\n<h1 class=\"wp-block-heading\">VI.&nbsp;&nbsp;&nbsp;&nbsp; POL\u00cdTICA DE PROPIEDAD INTELECTUAL<\/h1>\n\n\n\n<p>La &#8220;APP AMAD\u201d y la<strong> \u201cAPP AMAD-Becas Benito Ju\u00e1rez<\/strong><strong>&#8221; <\/strong>son una obra protegida por las leyes mexicanas, internacionales y tratados en materia de propiedad intelectual.<\/p>\n\n\n\n<p>El uso de la <strong>&#8220;APP AMAD-Becas Benito Ju\u00e1rez&#8221;<\/strong>, no lo convierte a usted en titular de ninguno de los derechos de propiedad intelectual del mismo, ni del contenido o informaci\u00f3n a la que acceda. Queda prohibido utilizar el nombre, la marca o el logotipo de este, as\u00ed como de Servicios Diez Soluciones con M\u00e1s S.A. de C.V. y en consecuencia de la Coordinaci\u00f3n Nacional de Becas para el Bienestar Benito Ju\u00e1rez. Asimismo, no se podr\u00e1 eliminar, ocultar ni alterar los avisos legales que se muestran en la misma. Sin perjuicio de lo anterior, usted podr\u00e1 imprimirlos, copiarlos o almacenarlos, siempre y cuando sea para uso estrictamente personal.<\/p>\n\n\n\n<h1 class=\"wp-block-heading\">VII.&nbsp;&nbsp;&nbsp;&nbsp; CONTROVERSIAS Y JURISDICCI\u00d3N APLICABLE.<\/h1>\n\n\n\n<p>Servicios Diez Soluciones con M\u00e1s S.A. de C.V. se reserva el derecho de presentar acciones civiles o penales cuando se advierta el uso indebido de la informaci\u00f3n contenida en <strong>&#8220;APP AMAD-Becas Benito Ju\u00e1rez&#8221;<\/strong>, o por el incumplimiento de los presentes <strong>\u201cT\u00e9rminos y Condiciones de Uso\u201d<\/strong>.<\/p>\n\n\n\n<p>La relaci\u00f3n entre Servicios Diez Soluciones con M\u00e1s S.A. de C.V. y los <strong>\u201cUSUARIOS\u201d <\/strong>se regir\u00e1 por la legislaci\u00f3n vigente en la Ciudad de M\u00e9xico, y la que sea aplicable en el \u00e1mbito federal. En caso de existir controversia legal, las partes se sujetar\u00e1n a la jurisdicci\u00f3n de los tribunales de la Ciudad de M\u00e9xico, conforme a la materia que corresponda.<\/p>\n\n\n\n<h1 class=\"wp-block-heading\">IX. ACEPTACI\u00d3N DE LOS T\u00c9RMINOS.<\/h1>\n\n\n\n<p>El ingreso y utilizaci\u00f3n de <strong>&#8220;APP AMAD-Becas Benito Ju\u00e1rez&#8221; <\/strong>implica que ha le\u00eddo y aceptado los presentes <strong>\u201cT\u00e9rminos y Condiciones de Uso\u201d<\/strong>.<\/p>","protected":false},"excerpt":{"rendered":"<p>La aplicaci\u00f3n denominada Auto Atendimiento M\u00f3vil Avanzado Digital (AMAD) ha sido dise\u00f1ada y administrada por la Servicios Diez Soluciones con M\u00e1s S.A. de C.V. sito en la Ciudad de M\u00e9xico. As\u00ed mismo, los m\u00f3dulos que integran est\u00e1 aplicaci\u00f3n han sido dise\u00f1ados para integrar informaci\u00f3n de utilidad que pueda ser consultada desde un dispositivo m\u00f3vil y, [&hellip;]<\/p>\n","protected":false},"author":1,"featured_media":0,"parent":3,"menu_order":0,"comment_status":"closed","ping_status":"closed","template":"","meta":{"footnotes":""},"class_list":["post-86","page","type-page","status-publish","hentry"],"yoast_head":"<!-- This site is optimized with the Yoast SEO plugin v27.5 - https:\/\/yoast.com\/product\/yoast-seo-wordpress\/ -->\n<title>T\u00c9RMINOS Y CONDICIONES DE USO DE LA APP AMAD-Becas Benito Ju\u00e1rez &#8226; S10 Plus<\/title>\n<meta name=\"robots\" content=\"index, follow, max-snippet:-1, max-image-preview:large, max-video-preview:-1\" \/>\n<link rel=\"canonical\" href=\"https:\/\/s10plus.com\/en\/politica-de-privacidad\/app-amad-becas-benito-juarez\/\" \/>\n<meta property=\"og:locale\" content=\"en_US\" \/>\n<meta property=\"og:type\" content=\"article\" \/>\n<meta property=\"og:title\" content=\"T\u00c9RMINOS Y CONDICIONES DE USO DE LA APP AMAD-Becas Benito Ju\u00e1rez &#8226; S10 Plus\" \/>\n<meta property=\"og:description\" content=\"La aplicaci\u00f3n denominada Auto Atendimiento M\u00f3vil Avanzado Digital (AMAD) ha sido dise\u00f1ada y administrada por la Servicios Diez Soluciones con M\u00e1s S.A. de C.V. sito en la Ciudad de M\u00e9xico. As\u00ed mismo, los m\u00f3dulos que integran est\u00e1 aplicaci\u00f3n han sido dise\u00f1ados para integrar informaci\u00f3n de utilidad que pueda ser consultada desde un dispositivo m\u00f3vil y, [&hellip;]\" \/>\n<meta property=\"og:url\" content=\"https:\/\/s10plus.com\/en\/politica-de-privacidad\/app-amad-becas-benito-juarez\/\" \/>\n<meta property=\"og:site_name\" content=\"S10 Plus\" \/>\n<meta property=\"article:modified_time\" content=\"2024-04-22T17:46:03+00:00\" \/>\n<meta name=\"twitter:card\" content=\"summary_large_image\" \/>\n<meta name=\"twitter:label1\" content=\"Est. reading time\" \/>\n\t<meta name=\"twitter:data1\" content=\"7 minutes\" \/>\n<script type=\"application\/ld+json\" class=\"yoast-schema-graph\">{\"@context\":\"https:\\\/\\\/schema.org\",\"@graph\":[{\"@type\":\"WebPage\",\"@id\":\"https:\\\/\\\/s10plus.com\\\/en\\\/politica-de-privacidad\\\/app-amad-becas-benito-juarez\\\/\",\"url\":\"https:\\\/\\\/s10plus.com\\\/en\\\/politica-de-privacidad\\\/app-amad-becas-benito-juarez\\\/\",\"name\":\"T\u00c9RMINOS Y CONDICIONES DE USO DE LA APP AMAD-Becas Benito Ju\u00e1rez &#8226; S10 Plus\",\"isPartOf\":{\"@id\":\"https:\\\/\\\/s10plus.com\\\/en\\\/#website\"},\"datePublished\":\"2024-04-19T18:44:25+00:00\",\"dateModified\":\"2024-04-22T17:46:03+00:00\",\"breadcrumb\":{\"@id\":\"https:\\\/\\\/s10plus.com\\\/en\\\/politica-de-privacidad\\\/app-amad-becas-benito-juarez\\\/#breadcrumb\"},\"inLanguage\":\"en-US\",\"potentialAction\":[{\"@type\":\"ReadAction\",\"target\":[[\"https:\\\/\\\/s10plus.com\\\/en\\\/politica-de-privacidad\\\/app-amad-becas-benito-juarez\\\/\"]]}]},{\"@type\":\"BreadcrumbList\",\"@id\":\"https:\\\/\\\/s10plus.com\\\/en\\\/politica-de-privacidad\\\/app-amad-becas-benito-juarez\\\/#breadcrumb\",\"itemListElement\":[{\"@type\":\"ListItem\",\"position\":1,\"name\":\"Home\",\"item\":\"https:\\\/\\\/s10plus.com\\\/en\\\/\"},{\"@type\":\"ListItem\",\"position\":2,\"name\":\"Pol\u00edtica de Privacidad\",\"item\":\"https:\\\/\\\/s10plus.com\\\/en\\\/politica-de-privacidad\\\/\"},{\"@type\":\"ListItem\",\"position\":3,\"name\":\"T\u00c9RMINOS Y CONDICIONES DE USO DE LA APP AMAD-Becas Benito Ju\u00e1rez\"}]},{\"@type\":\"WebSite\",\"@id\":\"https:\\\/\\\/s10plus.com\\\/en\\\/#website\",\"url\":\"https:\\\/\\\/s10plus.com\\\/en\\\/\",\"name\":\"S10 Plus\",\"description\":\"Specialized software solutions\",\"publisher\":{\"@id\":\"https:\\\/\\\/s10plus.com\\\/en\\\/#organization\"},\"potentialAction\":[{\"@type\":\"SearchAction\",\"target\":{\"@type\":\"EntryPoint\",\"urlTemplate\":\"https:\\\/\\\/s10plus.com\\\/en\\\/?s={search_term_string}\"},\"query-input\":{\"@type\":\"PropertyValueSpecification\",\"valueRequired\":true,\"valueName\":\"search_term_string\"}}],\"inLanguage\":\"en-US\"},{\"@type\":\"Organization\",\"@id\":\"https:\\\/\\\/s10plus.com\\\/en\\\/#organization\",\"name\":\"S10 Plus\",\"url\":\"https:\\\/\\\/s10plus.com\\\/en\\\/\",\"logo\":{\"@type\":\"ImageObject\",\"inLanguage\":\"en-US\",\"@id\":\"https:\\\/\\\/s10plus.com\\\/en\\\/#\\\/schema\\\/logo\\\/image\\\/\",\"url\":\"https:\\\/\\\/s10plus.com\\\/wp-content\\\/uploads\\\/2024\\\/02\\\/Logo-S10.png\",\"contentUrl\":\"https:\\\/\\\/s10plus.com\\\/wp-content\\\/uploads\\\/2024\\\/02\\\/Logo-S10.png\",\"width\":300,\"height\":300,\"caption\":\"S10 Plus\"},\"image\":{\"@id\":\"https:\\\/\\\/s10plus.com\\\/en\\\/#\\\/schema\\\/logo\\\/image\\\/\"}}]}<\/script>\n<!-- \/ Yoast SEO plugin. -->","yoast_head_json":{"title":"T\u00c9RMINOS Y CONDICIONES DE USO DE LA APP AMAD-Becas Benito Ju\u00e1rez &#8226; S10 Plus","robots":{"index":"index","follow":"follow","max-snippet":"max-snippet:-1","max-image-preview":"max-image-preview:large","max-video-preview":"max-video-preview:-1"},"canonical":"https:\/\/s10plus.com\/en\/politica-de-privacidad\/app-amad-becas-benito-juarez\/","og_locale":"en_US","og_type":"article","og_title":"T\u00c9RMINOS Y CONDICIONES DE USO DE LA APP AMAD-Becas Benito Ju\u00e1rez &#8226; S10 Plus","og_description":"La aplicaci\u00f3n denominada Auto Atendimiento M\u00f3vil Avanzado Digital (AMAD) ha sido dise\u00f1ada y administrada por la Servicios Diez Soluciones con M\u00e1s S.A. de C.V. sito en la Ciudad de M\u00e9xico. As\u00ed mismo, los m\u00f3dulos que integran est\u00e1 aplicaci\u00f3n han sido dise\u00f1ados para integrar informaci\u00f3n de utilidad que pueda ser consultada desde un dispositivo m\u00f3vil y, [&hellip;]","og_url":"https:\/\/s10plus.com\/en\/politica-de-privacidad\/app-amad-becas-benito-juarez\/","og_site_name":"S10 Plus","article_modified_time":"2024-04-22T17:46:03+00:00","twitter_card":"summary_large_image","twitter_misc":{"Est. reading time":"7 minutes"},"schema":{"@context":"https:\/\/schema.org","@graph":[{"@type":"WebPage","@id":"https:\/\/s10plus.com\/en\/politica-de-privacidad\/app-amad-becas-benito-juarez\/","url":"https:\/\/s10plus.com\/en\/politica-de-privacidad\/app-amad-becas-benito-juarez\/","name":"T\u00c9RMINOS Y CONDICIONES DE USO DE LA APP AMAD-Becas Benito Ju\u00e1rez &#8226; S10 Plus","isPartOf":{"@id":"https:\/\/s10plus.com\/en\/#website"},"datePublished":"2024-04-19T18:44:25+00:00","dateModified":"2024-04-22T17:46:03+00:00","breadcrumb":{"@id":"https:\/\/s10plus.com\/en\/politica-de-privacidad\/app-amad-becas-benito-juarez\/#breadcrumb"},"inLanguage":"en-US","potentialAction":[{"@type":"ReadAction","target":[["https:\/\/s10plus.com\/en\/politica-de-privacidad\/app-amad-becas-benito-juarez\/"]]}]},{"@type":"BreadcrumbList","@id":"https:\/\/s10plus.com\/en\/politica-de-privacidad\/app-amad-becas-benito-juarez\/#breadcrumb","itemListElement":[{"@type":"ListItem","position":1,"name":"Home","item":"https:\/\/s10plus.com\/en\/"},{"@type":"ListItem","position":2,"name":"Pol\u00edtica de Privacidad","item":"https:\/\/s10plus.com\/en\/politica-de-privacidad\/"},{"@type":"ListItem","position":3,"name":"T\u00c9RMINOS Y CONDICIONES DE USO DE LA APP AMAD-Becas Benito Ju\u00e1rez"}]},{"@type":"WebSite","@id":"https:\/\/s10plus.com\/en\/#website","url":"https:\/\/s10plus.com\/en\/","name":"S10 Plus","description":"Specialized software solutions","publisher":{"@id":"https:\/\/s10plus.com\/en\/#organization"},"potentialAction":[{"@type":"SearchAction","target":{"@type":"EntryPoint","urlTemplate":"https:\/\/s10plus.com\/en\/?s={search_term_string}"},"query-input":{"@type":"PropertyValueSpecification","valueRequired":true,"valueName":"search_term_string"}}],"inLanguage":"en-US"},{"@type":"Organization","@id":"https:\/\/s10plus.com\/en\/#organization","name":"S10 Plus","url":"https:\/\/s10plus.com\/en\/","logo":{"@type":"ImageObject","inLanguage":"en-US","@id":"https:\/\/s10plus.com\/en\/#\/schema\/logo\/image\/","url":"https:\/\/s10plus.com\/wp-content\/uploads\/2024\/02\/Logo-S10.png","contentUrl":"https:\/\/s10plus.com\/wp-content\/uploads\/2024\/02\/Logo-S10.png","width":300,"height":300,"caption":"S10 Plus"},"image":{"@id":"https:\/\/s10plus.com\/en\/#\/schema\/logo\/image\/"}}]}},"_links":{"self":[{"href":"https:\/\/s10plus.com\/en\/wp-json\/wp\/v2\/pages\/86","targetHints":{"allow":["GET"]}}],"collection":[{"href":"https:\/\/s10plus.com\/en\/wp-json\/wp\/v2\/pages"}],"about":[{"href":"https:\/\/s10plus.com\/en\/wp-json\/wp\/v2\/types\/page"}],"author":[{"embeddable":true,"href":"https:\/\/s10plus.com\/en\/wp-json\/wp\/v2\/users\/1"}],"replies":[{"embeddable":true,"href":"https:\/\/s10plus.com\/en\/wp-json\/wp\/v2\/comments?post=86"}],"version-history":[{"count":8,"href":"https:\/\/s10plus.com\/en\/wp-json\/wp\/v2\/pages\/86\/revisions"}],"predecessor-version":[{"id":110,"href":"https:\/\/s10plus.com\/en\/wp-json\/wp\/v2\/pages\/86\/revisions\/110"}],"up":[{"embeddable":true,"href":"https:\/\/s10plus.com\/en\/wp-json\/wp\/v2\/pages\/3"}],"wp:attachment":[{"href":"https:\/\/s10plus.com\/en\/wp-json\/wp\/v2\/media?parent=86"}],"curies":[{"name":"wp","href":"https:\/\/api.w.org\/{rel}","templated":true}]}}